{"id":1830,"date":"2020-10-26T19:16:23","date_gmt":"2020-10-26T19:16:23","guid":{"rendered":"https:\/\/www.farrin.com\/es\/?page_id=1830"},"modified":"2024-01-09T07:19:59","modified_gmt":"2024-01-09T07:19:59","slug":"referrals","status":"publish","type":"page","link":"https:\/\/www.farrin.com\/es\/referrals\/","title":{"rendered":"REFERIDOS"},"content":{"rendered":"<p>\u00a1Bienvenido! Si usted es un abogado considerando referirnos un caso, le solicitamos que cumplimente la forma que aparece al final de \u00e9sta p\u00e1gina.<\/p>\n<p>Apreciamos referidos de casos en nuestras \u00e1reas de pr\u00e1ctica y esperamos escuchar de usted. Primordialmente manejamos casos en Carolina del Norte de:<\/p>\n<ul>\n<li>Accidentes de auto, camiones y motocicletas<\/li>\n<li>Lesiones Personales<\/li>\n<li>Compensaci\u00f3n Laboral<\/li>\n<li>Incapacidad bajo el Seguro Social<\/li>\n<li>Expropiaci\u00f3n Forzosa<\/li>\n<li>Casos de Denunciantes (whistleblowers)<\/li>\n<li>Abuso y Negligencia en Asilos<\/li>\n<li>Demandas de Clase<\/li>\n<li>Productos Defectuosos<\/li>\n<\/ul>\n<p>Tambi\u00e9n podemos fungir co-abogados, consejeros, y socios para ayudar a que sus clientes obtengan el mejor resultado en su caso.<\/p>\n<p>Si usted no est\u00e1 seguro de que el caso que nos desea referir cualifica bajo nuestras \u00e1reas de pr\u00e1ctica, por favor si\u00e9ntase en la libertad de enviarnos un correo electr\u00f3nico a <a href=\"mailto:referrals@farrin.com\">referrals@farrin.com<\/a> o llamarnos al <a href=\"tel:1-866-533-6743\">1-866-533-6743<\/a>. Un miembro de nuestro equipo puede responder sus preguntas o contactarle lo antes posible.<\/p>\n<div id=\"ez-toc-container\" class=\"ez-toc-v2_0_82_2 counter-hierarchy ez-toc-counter ez-toc-grey ez-toc-container-direction\">\n<div class=\"ez-toc-title-container\">\n<p class=\"ez-toc-title\" style=\"cursor:inherit\">Table of Contents<\/p>\n<span class=\"ez-toc-title-toggle\"><a href=\"#\" class=\"ez-toc-pull-right ez-toc-btn ez-toc-btn-xs ez-toc-btn-default ez-toc-toggle\" aria-label=\"Toggle Table of Content\"><span class=\"ez-toc-js-icon-con\"><span class=\"\"><span class=\"eztoc-hide\" style=\"display:none;\">Toggle<\/span><span class=\"ez-toc-icon-toggle-span\"><svg style=\"fill: #999;color:#999\" xmlns=\"http:\/\/www.w3.org\/2000\/svg\" class=\"list-377408\" width=\"20px\" height=\"20px\" viewBox=\"0 0 24 24\" fill=\"none\"><path d=\"M6 6H4v2h2V6zm14 0H8v2h12V6zM4 11h2v2H4v-2zm16 0H8v2h12v-2zM4 16h2v2H4v-2zm16 0H8v2h12v-2z\" fill=\"currentColor\"><\/path><\/svg><svg style=\"fill: #999;color:#999\" class=\"arrow-unsorted-368013\" xmlns=\"http:\/\/www.w3.org\/2000\/svg\" width=\"10px\" height=\"10px\" viewBox=\"0 0 24 24\" version=\"1.2\" baseProfile=\"tiny\"><path d=\"M18.2 9.3l-6.2-6.3-6.2 6.3c-.2.2-.3.4-.3.7s.1.5.3.7c.2.2.4.3.7.3h11c.3 0 .5-.1.7-.3.2-.2.3-.5.3-.7s-.1-.5-.3-.7zM5.8 14.7l6.2 6.3 6.2-6.3c.2-.2.3-.5.3-.7s-.1-.5-.3-.7c-.2-.2-.4-.3-.7-.3h-11c-.3 0-.5.1-.7.3-.2.2-.3.5-.3.7s.1.5.3.7z\"\/><\/svg><\/span><\/span><\/span><\/a><\/span><\/div>\n<nav><ul class='ez-toc-list ez-toc-list-level-1 ' ><li class='ez-toc-page-1 ez-toc-heading-level-2'><a class=\"ez-toc-link ez-toc-heading-1\" href=\"https:\/\/www.farrin.com\/es\/referrals\/#%C2%BFQuien_nos_Llama\" >\u00bfQui\u00e9n nos Llama?<\/a><\/li><li class='ez-toc-page-1 ez-toc-heading-level-2'><a class=\"ez-toc-link ez-toc-heading-2\" href=\"https:\/\/www.farrin.com\/es\/referrals\/#%C2%BFPor_que_Llamarnos\" >\u00bfPor qu\u00e9 Llamarnos?<\/a><\/li><\/ul><\/nav><\/div>\n<h2><span class=\"ez-toc-section\" id=\"%C2%BFQuien_nos_Llama\"><\/span>\u00bfQui\u00e9n nos Llama?<span class=\"ez-toc-section-end\"><\/span><\/h2>\n<p>Regularmente recibimos consultas de otros bufetes y abogados que conf\u00edan en nosotros para manejar sus casos. Frecuentemente recibimos llamadas de bufetes y abogados que:<\/p>\n<ul>\n<li>No manejan casos o tienen suficiente experiencia en las \u00e1reas antes mencionadas<\/li>\n<li>Tienen clientes, familiares, amigos, etc, que necesitan representaci\u00f3n en Carolina del Norte<\/li>\n<li>Necesitan un bufete con experiencia para llevar el caso a litigio<\/li>\n<li>Necesitan un equipo de abogados experimentados en el que puedan confiar tanto casos simples como complejos<\/li>\n<\/ul>\n<p>Si usted no es un abogado o bufete, igual agradecemos los referidos.<sup>5<\/sup><\/p>\n<blockquote><p>He tenido el honor de trabajar con Las Oficinas Legales de James Scott Farrin por m\u00e1s de una d\u00e9cada. Ellos han provisto representaci\u00f3n competente y compasiva a mis clientes y amigos durante los a\u00f1os.<sup>1<\/sup><\/p><\/blockquote>\n<h2><span class=\"ez-toc-section\" id=\"%C2%BFPor_que_Llamarnos\"><\/span>\u00bfPor qu\u00e9 Llamarnos?<span class=\"ez-toc-section-end\"><\/span><\/h2>\n<p>Su confianza es importante para nosotros, y comprensiblemente, usted quiere referir a su potencial cliente a un bufete en el que usted conf\u00ede que le proveer\u00e1 toda su atenci\u00f3n y cuidado.<\/p>\n<p>As\u00ed que, \u00bfpor qu\u00e9 llamarnos? Tenemos mucho orgullo sobre los que llamamos la Ventaja James Scott Farrin. Desde que James S. Farrin comenz\u00f3 la firma en 1997, nuestro equipo ha ayudado a sobre 65,000 clientes a recobrar m\u00e1s de <span class=\"text-gold\"><b>$1.8 Bill\u00f3n<\/b><\/span> por sus casos.<sup>1<\/sup> Este n\u00famero no incluye el acuerdo hist\u00f3rico de $1.25 billones del caso de discrimen de <a href=\"https:\/\/www.farrin.com\/black-farmers\/\">Agricultores Negros<\/a>, el que nuestra firma ayud\u00f3 a liderar hasta la victoria contra el gobierno de los Estados Unidos.<sup>3<\/sup><\/p>\n<p>Adem\u00e1s, nuestro bufete es una de las firmas de demandantes m\u00e1s grandes de Carolina del Norte, con un equipo legal de +60 abogados y personal profesional de sobre 200. Tenemos 15 oficinas en Carolina del Norte y una en Carolina del Sur, y continuamos buscando crecimiento exponencial cada a\u00f1o. Nuestros abogados incluyen un ex-senador estatal, ex-comisionados de la comisi\u00f3n industrial, sub-secretario de justicia, abogados de defensa de aseguradoras, y m\u00e1s.<\/p>\n<p>Aparte de los n\u00fameros, James S. Farrin es un l\u00edder innovador que ha llevado a la firma a centrarse en los clientes lo m\u00e1s posible. Adiestramos a nuestro personal, paralegales, y abogados a servir mejor y comunicarse con nuestros clientes. Trabajamos arduamente para reducir ineficiencia y optimizar nuestros procesos. Hasta contamos con nuestro propio <a href=\"https:\/\/growpath.com\/\" target=\"_blank\" rel=\"noopener\">sistema de manejos de casos<\/a> con tecnolog\u00eda patentada.<\/p>\n","protected":false},"excerpt":{"rendered":"<p>\u00a1Bienvenido! Si usted es un abogado considerando referirnos un caso, le solicitamos que cumplimente la forma que aparece al final de \u00e9sta p\u00e1gina. Apreciamos referidos de casos en nuestras \u00e1reas de pr\u00e1ctica y esperamos escuchar de usted. Primordialmente manejamos casos en Carolina del Norte de: Accidentes de auto, camiones y motocicletas Lesiones Personales Compensaci\u00f3n Laboral [&hellip;]<\/p>\n","protected":false},"author":1,"featured_media":0,"parent":0,"menu_order":30,"comment_status":"closed","ping_status":"closed","template":"template-referrals.php","meta":{"_acf_changed":false,"om_disable_all_campaigns":false,"footnotes":""},"class_list":["post-1830","page","type-page","status-publish","hentry"],"yoast_head":"<!-- This site is optimized with the Yoast SEO Premium plugin v25.4 (Yoast SEO v27.3) - https:\/\/yoast.com\/product\/yoast-seo-premium-wordpress\/ -->\n<title>Refiera un Caso | Conversemos | James Scott Farrin<\/title>\n<meta name=\"description\" content=\"Apreciamos referidos de casos en nuestras \u00e1reas de pr\u00e1ctica. Si usted es un abogado considerando referirnos un caso, cont\u00e1ctenos aqu\u00ed.\" \/>\n<meta name=\"robots\" content=\"index, follow, max-snippet:-1, max-image-preview:large, max-video-preview:-1\" \/>\n<link rel=\"canonical\" href=\"https:\/\/www.farrin.com\/es\/referrals\/\" \/>\n<meta property=\"og:locale\" content=\"es_ES\" \/>\n<meta property=\"og:type\" content=\"article\" \/>\n<meta property=\"og:title\" content=\"REFERIDOS\" \/>\n<meta property=\"og:description\" content=\"Apreciamos referidos de casos en nuestras \u00e1reas de pr\u00e1ctica. Si usted es un abogado considerando referirnos un caso, cont\u00e1ctenos aqu\u00ed.\" \/>\n<meta property=\"og:url\" content=\"https:\/\/www.farrin.com\/es\/referrals\/\" \/>\n<meta property=\"og:site_name\" content=\"James Scott Farrin | Espa\u00f1ol\" \/>\n<meta property=\"article:publisher\" content=\"https:\/\/www.facebook.com\/LawOfficesofJamesScottFarrin\/\" \/>\n<meta property=\"article:modified_time\" content=\"2024-01-09T07:19:59+00:00\" \/>\n<meta name=\"twitter:card\" content=\"summary_large_image\" \/>\n<meta name=\"twitter:site\" content=\"@FarrinLaw\" \/>\n<meta name=\"twitter:label1\" content=\"Tiempo de lectura\" \/>\n\t<meta name=\"twitter:data1\" content=\"3 minutos\" \/>\n<script type=\"application\/ld+json\" class=\"yoast-schema-graph\">{\"@context\":\"https:\\\/\\\/schema.org\",\"@graph\":[{\"@type\":\"WebPage\",\"@id\":\"https:\\\/\\\/www.farrin.com\\\/es\\\/referrals\\\/\",\"url\":\"https:\\\/\\\/www.farrin.com\\\/es\\\/referrals\\\/\",\"name\":\"Refiera un Caso | Conversemos | James Scott Farrin\",\"isPartOf\":{\"@id\":\"https:\\\/\\\/www.farrin.com\\\/es\\\/#website\"},\"datePublished\":\"2020-10-26T19:16:23+00:00\",\"dateModified\":\"2024-01-09T07:19:59+00:00\",\"description\":\"Apreciamos referidos de casos en nuestras \u00e1reas de pr\u00e1ctica. Si usted es un abogado considerando referirnos un caso, cont\u00e1ctenos aqu\u00ed.\",\"breadcrumb\":{\"@id\":\"https:\\\/\\\/www.farrin.com\\\/es\\\/referrals\\\/#breadcrumb\"},\"inLanguage\":\"es\",\"potentialAction\":[{\"@type\":\"ReadAction\",\"target\":[\"https:\\\/\\\/www.farrin.com\\\/es\\\/referrals\\\/\"]}]},{\"@type\":\"BreadcrumbList\",\"@id\":\"https:\\\/\\\/www.farrin.com\\\/es\\\/referrals\\\/#breadcrumb\",\"itemListElement\":[{\"@type\":\"ListItem\",\"position\":1,\"name\":\"Home\",\"item\":\"https:\\\/\\\/www.farrin.com\\\/es\\\/\"},{\"@type\":\"ListItem\",\"position\":2,\"name\":\"REFERIDOS\"}]},{\"@type\":\"WebSite\",\"@id\":\"https:\\\/\\\/www.farrin.com\\\/es\\\/#website\",\"url\":\"https:\\\/\\\/www.farrin.com\\\/es\\\/\",\"name\":\"James Scott Farrin | Espa\u00f1ol\",\"description\":\"\",\"publisher\":{\"@id\":\"https:\\\/\\\/www.farrin.com\\\/es\\\/#organization\"},\"potentialAction\":[{\"@type\":\"SearchAction\",\"target\":{\"@type\":\"EntryPoint\",\"urlTemplate\":\"https:\\\/\\\/www.farrin.com\\\/es\\\/?s={search_term_string}\"},\"query-input\":{\"@type\":\"PropertyValueSpecification\",\"valueRequired\":true,\"valueName\":\"search_term_string\"}}],\"inLanguage\":\"es\"},{\"@type\":\"Organization\",\"@id\":\"https:\\\/\\\/www.farrin.com\\\/es\\\/#organization\",\"name\":\"Law Offices of James Scott Farrin\",\"url\":\"https:\\\/\\\/www.farrin.com\\\/es\\\/\",\"logo\":{\"@type\":\"ImageObject\",\"inLanguage\":\"es\",\"@id\":\"https:\\\/\\\/www.farrin.com\\\/es\\\/#\\\/schema\\\/logo\\\/image\\\/\",\"url\":\"https:\\\/\\\/www.farrin.com\\\/es\\\/wp-content\\\/uploads\\\/sites\\\/6\\\/2020\\\/12\\\/JSF-square.png\",\"contentUrl\":\"https:\\\/\\\/www.farrin.com\\\/es\\\/wp-content\\\/uploads\\\/sites\\\/6\\\/2020\\\/12\\\/JSF-square.png\",\"width\":200,\"height\":200,\"caption\":\"Law Offices of James Scott Farrin\"},\"image\":{\"@id\":\"https:\\\/\\\/www.farrin.com\\\/es\\\/#\\\/schema\\\/logo\\\/image\\\/\"},\"sameAs\":[\"https:\\\/\\\/www.facebook.com\\\/LawOfficesofJamesScottFarrin\\\/\",\"https:\\\/\\\/x.com\\\/FarrinLaw\",\"https:\\\/\\\/www.instagram.com\\\/farrinlaw\\\/\",\"https:\\\/\\\/www.linkedin.com\\\/company\\\/law-offices-of-james-scott-farrin\\\/\",\"https:\\\/\\\/www.youtube.com\\\/channel\\\/UC9eIZLqvWwuT1NR7OM8sCKg\"]}]}<\/script>\n<!-- \/ Yoast SEO Premium plugin. -->","yoast_head_json":{"title":"Refiera un Caso | Conversemos | James Scott Farrin","description":"Apreciamos referidos de casos en nuestras \u00e1reas de pr\u00e1ctica. Si usted es un abogado considerando referirnos un caso, cont\u00e1ctenos aqu\u00ed.","robots":{"index":"index","follow":"follow","max-snippet":"max-snippet:-1","max-image-preview":"max-image-preview:large","max-video-preview":"max-video-preview:-1"},"canonical":"https:\/\/www.farrin.com\/es\/referrals\/","og_locale":"es_ES","og_type":"article","og_title":"REFERIDOS","og_description":"Apreciamos referidos de casos en nuestras \u00e1reas de pr\u00e1ctica. Si usted es un abogado considerando referirnos un caso, cont\u00e1ctenos aqu\u00ed.","og_url":"https:\/\/www.farrin.com\/es\/referrals\/","og_site_name":"James Scott Farrin | Espa\u00f1ol","article_publisher":"https:\/\/www.facebook.com\/LawOfficesofJamesScottFarrin\/","article_modified_time":"2024-01-09T07:19:59+00:00","twitter_card":"summary_large_image","twitter_site":"@FarrinLaw","twitter_misc":{"Tiempo de lectura":"3 minutos"},"schema":{"@context":"https:\/\/schema.org","@graph":[{"@type":"WebPage","@id":"https:\/\/www.farrin.com\/es\/referrals\/","url":"https:\/\/www.farrin.com\/es\/referrals\/","name":"Refiera un Caso | Conversemos | James Scott Farrin","isPartOf":{"@id":"https:\/\/www.farrin.com\/es\/#website"},"datePublished":"2020-10-26T19:16:23+00:00","dateModified":"2024-01-09T07:19:59+00:00","description":"Apreciamos referidos de casos en nuestras \u00e1reas de pr\u00e1ctica. Si usted es un abogado considerando referirnos un caso, cont\u00e1ctenos aqu\u00ed.","breadcrumb":{"@id":"https:\/\/www.farrin.com\/es\/referrals\/#breadcrumb"},"inLanguage":"es","potentialAction":[{"@type":"ReadAction","target":["https:\/\/www.farrin.com\/es\/referrals\/"]}]},{"@type":"BreadcrumbList","@id":"https:\/\/www.farrin.com\/es\/referrals\/#breadcrumb","itemListElement":[{"@type":"ListItem","position":1,"name":"Home","item":"https:\/\/www.farrin.com\/es\/"},{"@type":"ListItem","position":2,"name":"REFERIDOS"}]},{"@type":"WebSite","@id":"https:\/\/www.farrin.com\/es\/#website","url":"https:\/\/www.farrin.com\/es\/","name":"James Scott Farrin | Espa\u00f1ol","description":"","publisher":{"@id":"https:\/\/www.farrin.com\/es\/#organization"},"potentialAction":[{"@type":"SearchAction","target":{"@type":"EntryPoint","urlTemplate":"https:\/\/www.farrin.com\/es\/?s={search_term_string}"},"query-input":{"@type":"PropertyValueSpecification","valueRequired":true,"valueName":"search_term_string"}}],"inLanguage":"es"},{"@type":"Organization","@id":"https:\/\/www.farrin.com\/es\/#organization","name":"Law Offices of James Scott Farrin","url":"https:\/\/www.farrin.com\/es\/","logo":{"@type":"ImageObject","inLanguage":"es","@id":"https:\/\/www.farrin.com\/es\/#\/schema\/logo\/image\/","url":"https:\/\/www.farrin.com\/es\/wp-content\/uploads\/sites\/6\/2020\/12\/JSF-square.png","contentUrl":"https:\/\/www.farrin.com\/es\/wp-content\/uploads\/sites\/6\/2020\/12\/JSF-square.png","width":200,"height":200,"caption":"Law Offices of James Scott Farrin"},"image":{"@id":"https:\/\/www.farrin.com\/es\/#\/schema\/logo\/image\/"},"sameAs":["https:\/\/www.facebook.com\/LawOfficesofJamesScottFarrin\/","https:\/\/x.com\/FarrinLaw","https:\/\/www.instagram.com\/farrinlaw\/","https:\/\/www.linkedin.com\/company\/law-offices-of-james-scott-farrin\/","https:\/\/www.youtube.com\/channel\/UC9eIZLqvWwuT1NR7OM8sCKg"]}]}},"acf":[],"_links":{"self":[{"href":"https:\/\/www.farrin.com\/es\/wp-json\/wp\/v2\/pages\/1830","targetHints":{"allow":["GET"]}}],"collection":[{"href":"https:\/\/www.farrin.com\/es\/wp-json\/wp\/v2\/pages"}],"about":[{"href":"https:\/\/www.farrin.com\/es\/wp-json\/wp\/v2\/types\/page"}],"author":[{"embeddable":true,"href":"https:\/\/www.farrin.com\/es\/wp-json\/wp\/v2\/users\/1"}],"replies":[{"embeddable":true,"href":"https:\/\/www.farrin.com\/es\/wp-json\/wp\/v2\/comments?post=1830"}],"version-history":[{"count":0,"href":"https:\/\/www.farrin.com\/es\/wp-json\/wp\/v2\/pages\/1830\/revisions"}],"wp:attachment":[{"href":"https:\/\/www.farrin.com\/es\/wp-json\/wp\/v2\/media?parent=1830"}],"curies":[{"name":"wp","href":"https:\/\/api.w.org\/{rel}","templated":true}]}}