{"id":7350,"date":"2022-03-22T03:33:11","date_gmt":"2022-03-22T03:33:11","guid":{"rendered":"https:\/\/www.farrin.com\/es\/?page_id=7350"},"modified":"2024-01-09T06:56:00","modified_gmt":"2024-01-09T06:56:00","slug":"lesiones-comunes-abrasion-de-piel","status":"publish","type":"page","link":"https:\/\/www.farrin.com\/es\/abogado-accidente-motocicleta\/lesiones-comunes-abrasion-de-piel\/","title":{"rendered":"Lesiones de motocicleta &#8211; Abogados"},"content":{"rendered":"","protected":false},"excerpt":{"rendered":"","protected":false},"author":8,"featured_media":0,"parent":552,"menu_order":0,"comment_status":"closed","ping_status":"closed","template":"template-workers-comp-3.php","meta":{"_acf_changed":false,"om_disable_all_campaigns":false,"footnotes":""},"class_list":["post-7350","page","type-page","status-publish","hentry"],"yoast_head":"<!-- This site is optimized with the Yoast SEO Premium plugin v25.4 (Yoast SEO v27.3) - https:\/\/yoast.com\/product\/yoast-seo-premium-wordpress\/ -->\n<title>Lesiones de motocicleta - Abogados | James Scott Farrin<\/title>\n<meta name=\"description\" content=\"Una de las lesiones que puede sufrir en un accidente de motocicleta es la erupci\u00f3n de piel causada por la carretera. \u00bfQu\u00e9 es? \u00bfC\u00f3mo puede evitarlo? \u00bfQui\u00e9n paga el tratamiento? Las respuestas est\u00e1n aqu\u00ed.\" \/>\n<meta name=\"robots\" content=\"index, follow, max-snippet:-1, max-image-preview:large, max-video-preview:-1\" \/>\n<link rel=\"canonical\" href=\"https:\/\/www.farrin.com\/es\/abogado-accidente-motocicleta\/lesiones-comunes-abrasion-de-piel\/\" \/>\n<meta property=\"og:locale\" content=\"es_ES\" \/>\n<meta property=\"og:type\" content=\"article\" \/>\n<meta property=\"og:title\" content=\"Lesiones de motocicleta - Abogados\" \/>\n<meta property=\"og:description\" content=\"Una de las lesiones que puede sufrir en un accidente de motocicleta es la erupci\u00f3n de piel causada por la carretera. \u00bfQu\u00e9 es? \u00bfC\u00f3mo puede evitarlo? \u00bfQui\u00e9n paga el tratamiento? Las respuestas est\u00e1n aqu\u00ed.\" \/>\n<meta property=\"og:url\" content=\"https:\/\/www.farrin.com\/es\/abogado-accidente-motocicleta\/lesiones-comunes-abrasion-de-piel\/\" \/>\n<meta property=\"og:site_name\" content=\"James Scott Farrin | Espa\u00f1ol\" \/>\n<meta property=\"article:publisher\" content=\"https:\/\/www.facebook.com\/LawOfficesofJamesScottFarrin\/\" \/>\n<meta property=\"article:modified_time\" content=\"2024-01-09T06:56:00+00:00\" \/>\n<meta name=\"twitter:card\" content=\"summary_large_image\" \/>\n<meta name=\"twitter:site\" content=\"@FarrinLaw\" \/>\n<script type=\"application\/ld+json\" class=\"yoast-schema-graph\">{\"@context\":\"https:\\\/\\\/schema.org\",\"@graph\":[{\"@type\":\"WebPage\",\"@id\":\"https:\\\/\\\/www.farrin.com\\\/es\\\/abogado-accidente-motocicleta\\\/lesiones-comunes-abrasion-de-piel\\\/\",\"url\":\"https:\\\/\\\/www.farrin.com\\\/es\\\/abogado-accidente-motocicleta\\\/lesiones-comunes-abrasion-de-piel\\\/\",\"name\":\"Lesiones de motocicleta - Abogados | James Scott Farrin\",\"isPartOf\":{\"@id\":\"https:\\\/\\\/www.farrin.com\\\/es\\\/#website\"},\"datePublished\":\"2022-03-22T03:33:11+00:00\",\"dateModified\":\"2024-01-09T06:56:00+00:00\",\"description\":\"Una de las lesiones que puede sufrir en un accidente de motocicleta es la erupci\u00f3n de piel causada por la carretera. \u00bfQu\u00e9 es? \u00bfC\u00f3mo puede evitarlo? \u00bfQui\u00e9n paga el tratamiento? Las respuestas est\u00e1n aqu\u00ed.\",\"breadcrumb\":{\"@id\":\"https:\\\/\\\/www.farrin.com\\\/es\\\/abogado-accidente-motocicleta\\\/lesiones-comunes-abrasion-de-piel\\\/#breadcrumb\"},\"inLanguage\":\"es\",\"potentialAction\":[{\"@type\":\"ReadAction\",\"target\":[\"https:\\\/\\\/www.farrin.com\\\/es\\\/abogado-accidente-motocicleta\\\/lesiones-comunes-abrasion-de-piel\\\/\"]}]},{\"@type\":\"BreadcrumbList\",\"@id\":\"https:\\\/\\\/www.farrin.com\\\/es\\\/abogado-accidente-motocicleta\\\/lesiones-comunes-abrasion-de-piel\\\/#breadcrumb\",\"itemListElement\":[{\"@type\":\"ListItem\",\"position\":1,\"name\":\"Home\",\"item\":\"https:\\\/\\\/www.farrin.com\\\/es\\\/\"},{\"@type\":\"ListItem\",\"position\":2,\"name\":\"Accidentes en Motocicletas\",\"item\":\"https:\\\/\\\/www.farrin.com\\\/es\\\/abogado-accidente-motocicleta\\\/\"},{\"@type\":\"ListItem\",\"position\":3,\"name\":\"Lesiones de motocicleta &#8211; Abogados\"}]},{\"@type\":\"WebSite\",\"@id\":\"https:\\\/\\\/www.farrin.com\\\/es\\\/#website\",\"url\":\"https:\\\/\\\/www.farrin.com\\\/es\\\/\",\"name\":\"James Scott Farrin | Espa\u00f1ol\",\"description\":\"\",\"publisher\":{\"@id\":\"https:\\\/\\\/www.farrin.com\\\/es\\\/#organization\"},\"potentialAction\":[{\"@type\":\"SearchAction\",\"target\":{\"@type\":\"EntryPoint\",\"urlTemplate\":\"https:\\\/\\\/www.farrin.com\\\/es\\\/?s={search_term_string}\"},\"query-input\":{\"@type\":\"PropertyValueSpecification\",\"valueRequired\":true,\"valueName\":\"search_term_string\"}}],\"inLanguage\":\"es\"},{\"@type\":\"Organization\",\"@id\":\"https:\\\/\\\/www.farrin.com\\\/es\\\/#organization\",\"name\":\"Law Offices of James Scott Farrin\",\"url\":\"https:\\\/\\\/www.farrin.com\\\/es\\\/\",\"logo\":{\"@type\":\"ImageObject\",\"inLanguage\":\"es\",\"@id\":\"https:\\\/\\\/www.farrin.com\\\/es\\\/#\\\/schema\\\/logo\\\/image\\\/\",\"url\":\"https:\\\/\\\/www.farrin.com\\\/es\\\/wp-content\\\/uploads\\\/sites\\\/6\\\/2020\\\/12\\\/JSF-square.png\",\"contentUrl\":\"https:\\\/\\\/www.farrin.com\\\/es\\\/wp-content\\\/uploads\\\/sites\\\/6\\\/2020\\\/12\\\/JSF-square.png\",\"width\":200,\"height\":200,\"caption\":\"Law Offices of James Scott Farrin\"},\"image\":{\"@id\":\"https:\\\/\\\/www.farrin.com\\\/es\\\/#\\\/schema\\\/logo\\\/image\\\/\"},\"sameAs\":[\"https:\\\/\\\/www.facebook.com\\\/LawOfficesofJamesScottFarrin\\\/\",\"https:\\\/\\\/x.com\\\/FarrinLaw\",\"https:\\\/\\\/www.instagram.com\\\/farrinlaw\\\/\",\"https:\\\/\\\/www.linkedin.com\\\/company\\\/law-offices-of-james-scott-farrin\\\/\",\"https:\\\/\\\/www.youtube.com\\\/channel\\\/UC9eIZLqvWwuT1NR7OM8sCKg\"]}]}<\/script>\n<!-- \/ Yoast SEO Premium plugin. -->","yoast_head_json":{"title":"Lesiones de motocicleta - Abogados | James Scott Farrin","description":"Una de las lesiones que puede sufrir en un accidente de motocicleta es la erupci\u00f3n de piel causada por la carretera. \u00bfQu\u00e9 es? \u00bfC\u00f3mo puede evitarlo? \u00bfQui\u00e9n paga el tratamiento? Las respuestas est\u00e1n aqu\u00ed.","robots":{"index":"index","follow":"follow","max-snippet":"max-snippet:-1","max-image-preview":"max-image-preview:large","max-video-preview":"max-video-preview:-1"},"canonical":"https:\/\/www.farrin.com\/es\/abogado-accidente-motocicleta\/lesiones-comunes-abrasion-de-piel\/","og_locale":"es_ES","og_type":"article","og_title":"Lesiones de motocicleta - Abogados","og_description":"Una de las lesiones que puede sufrir en un accidente de motocicleta es la erupci\u00f3n de piel causada por la carretera. \u00bfQu\u00e9 es? \u00bfC\u00f3mo puede evitarlo? \u00bfQui\u00e9n paga el tratamiento? Las respuestas est\u00e1n aqu\u00ed.","og_url":"https:\/\/www.farrin.com\/es\/abogado-accidente-motocicleta\/lesiones-comunes-abrasion-de-piel\/","og_site_name":"James Scott Farrin | Espa\u00f1ol","article_publisher":"https:\/\/www.facebook.com\/LawOfficesofJamesScottFarrin\/","article_modified_time":"2024-01-09T06:56:00+00:00","twitter_card":"summary_large_image","twitter_site":"@FarrinLaw","schema":{"@context":"https:\/\/schema.org","@graph":[{"@type":"WebPage","@id":"https:\/\/www.farrin.com\/es\/abogado-accidente-motocicleta\/lesiones-comunes-abrasion-de-piel\/","url":"https:\/\/www.farrin.com\/es\/abogado-accidente-motocicleta\/lesiones-comunes-abrasion-de-piel\/","name":"Lesiones de motocicleta - Abogados | James Scott Farrin","isPartOf":{"@id":"https:\/\/www.farrin.com\/es\/#website"},"datePublished":"2022-03-22T03:33:11+00:00","dateModified":"2024-01-09T06:56:00+00:00","description":"Una de las lesiones que puede sufrir en un accidente de motocicleta es la erupci\u00f3n de piel causada por la carretera. \u00bfQu\u00e9 es? \u00bfC\u00f3mo puede evitarlo? \u00bfQui\u00e9n paga el tratamiento? Las respuestas est\u00e1n aqu\u00ed.","breadcrumb":{"@id":"https:\/\/www.farrin.com\/es\/abogado-accidente-motocicleta\/lesiones-comunes-abrasion-de-piel\/#breadcrumb"},"inLanguage":"es","potentialAction":[{"@type":"ReadAction","target":["https:\/\/www.farrin.com\/es\/abogado-accidente-motocicleta\/lesiones-comunes-abrasion-de-piel\/"]}]},{"@type":"BreadcrumbList","@id":"https:\/\/www.farrin.com\/es\/abogado-accidente-motocicleta\/lesiones-comunes-abrasion-de-piel\/#breadcrumb","itemListElement":[{"@type":"ListItem","position":1,"name":"Home","item":"https:\/\/www.farrin.com\/es\/"},{"@type":"ListItem","position":2,"name":"Accidentes en Motocicletas","item":"https:\/\/www.farrin.com\/es\/abogado-accidente-motocicleta\/"},{"@type":"ListItem","position":3,"name":"Lesiones de motocicleta &#8211; Abogados"}]},{"@type":"WebSite","@id":"https:\/\/www.farrin.com\/es\/#website","url":"https:\/\/www.farrin.com\/es\/","name":"James Scott Farrin | Espa\u00f1ol","description":"","publisher":{"@id":"https:\/\/www.farrin.com\/es\/#organization"},"potentialAction":[{"@type":"SearchAction","target":{"@type":"EntryPoint","urlTemplate":"https:\/\/www.farrin.com\/es\/?s={search_term_string}"},"query-input":{"@type":"PropertyValueSpecification","valueRequired":true,"valueName":"search_term_string"}}],"inLanguage":"es"},{"@type":"Organization","@id":"https:\/\/www.farrin.com\/es\/#organization","name":"Law Offices of James Scott Farrin","url":"https:\/\/www.farrin.com\/es\/","logo":{"@type":"ImageObject","inLanguage":"es","@id":"https:\/\/www.farrin.com\/es\/#\/schema\/logo\/image\/","url":"https:\/\/www.farrin.com\/es\/wp-content\/uploads\/sites\/6\/2020\/12\/JSF-square.png","contentUrl":"https:\/\/www.farrin.com\/es\/wp-content\/uploads\/sites\/6\/2020\/12\/JSF-square.png","width":200,"height":200,"caption":"Law Offices of James Scott Farrin"},"image":{"@id":"https:\/\/www.farrin.com\/es\/#\/schema\/logo\/image\/"},"sameAs":["https:\/\/www.facebook.com\/LawOfficesofJamesScottFarrin\/","https:\/\/x.com\/FarrinLaw","https:\/\/www.instagram.com\/farrinlaw\/","https:\/\/www.linkedin.com\/company\/law-offices-of-james-scott-farrin\/","https:\/\/www.youtube.com\/channel\/UC9eIZLqvWwuT1NR7OM8sCKg"]}]}},"acf":[],"_links":{"self":[{"href":"https:\/\/www.farrin.com\/es\/wp-json\/wp\/v2\/pages\/7350","targetHints":{"allow":["GET"]}}],"collection":[{"href":"https:\/\/www.farrin.com\/es\/wp-json\/wp\/v2\/pages"}],"about":[{"href":"https:\/\/www.farrin.com\/es\/wp-json\/wp\/v2\/types\/page"}],"author":[{"embeddable":true,"href":"https:\/\/www.farrin.com\/es\/wp-json\/wp\/v2\/users\/8"}],"replies":[{"embeddable":true,"href":"https:\/\/www.farrin.com\/es\/wp-json\/wp\/v2\/comments?post=7350"}],"version-history":[{"count":0,"href":"https:\/\/www.farrin.com\/es\/wp-json\/wp\/v2\/pages\/7350\/revisions"}],"up":[{"embeddable":true,"href":"https:\/\/www.farrin.com\/es\/wp-json\/wp\/v2\/pages\/552"}],"wp:attachment":[{"href":"https:\/\/www.farrin.com\/es\/wp-json\/wp\/v2\/media?parent=7350"}],"curies":[{"name":"wp","href":"https:\/\/api.w.org\/{rel}","templated":true}]}}