{"id":7357,"date":"2022-03-23T22:57:57","date_gmt":"2022-03-23T22:57:57","guid":{"rendered":"https:\/\/www.farrin.com\/es\/?page_id=7357"},"modified":"2024-01-09T06:54:43","modified_gmt":"2024-01-09T06:54:43","slug":"estadisticas-de-accidentes-nc","status":"publish","type":"page","link":"https:\/\/www.farrin.com\/es\/abogado-accidente-motocicleta\/estadisticas-de-accidentes-nc\/","title":{"rendered":"Estad\u00edsticas de accidentes de motocicleta"},"content":{"rendered":"","protected":false},"excerpt":{"rendered":"","protected":false},"author":8,"featured_media":0,"parent":552,"menu_order":0,"comment_status":"closed","ping_status":"closed","template":"template-workers-comp-2.php","meta":{"_acf_changed":false,"om_disable_all_campaigns":false,"footnotes":""},"class_list":["post-7357","page","type-page","status-publish","hentry"],"yoast_head":"<!-- This site is optimized with the Yoast SEO Premium plugin v25.4 (Yoast SEO v27.3) - https:\/\/yoast.com\/product\/yoast-seo-premium-wordpress\/ -->\n<title>Estad\u00edsticas de accidentes de motocicleta | James Scott Farrin<\/title>\n<meta name=\"description\" content=\"\u00bfQu\u00e9 probabilidad hay de que los motociclistas sufran lesiones en un accidente en Carolina del Norte? \u00bfQu\u00e9 tan comunes son las muertes? Hemos estudiado los n\u00fameros. Aqu\u00ed est\u00e1n las impactantes estad\u00edsticas.\" \/>\n<meta name=\"robots\" content=\"index, follow, max-snippet:-1, max-image-preview:large, max-video-preview:-1\" \/>\n<link rel=\"canonical\" href=\"https:\/\/www.farrin.com\/es\/abogado-accidente-motocicleta\/estadisticas-de-accidentes-nc\/\" \/>\n<meta property=\"og:locale\" content=\"es_ES\" \/>\n<meta property=\"og:type\" content=\"article\" \/>\n<meta property=\"og:title\" content=\"Estad\u00edsticas de accidentes de motocicleta\" \/>\n<meta property=\"og:description\" content=\"\u00bfQu\u00e9 probabilidad hay de que los motociclistas sufran lesiones en un accidente en Carolina del Norte? \u00bfQu\u00e9 tan comunes son las muertes? Hemos estudiado los n\u00fameros. Aqu\u00ed est\u00e1n las impactantes estad\u00edsticas.\" \/>\n<meta property=\"og:url\" content=\"https:\/\/www.farrin.com\/es\/abogado-accidente-motocicleta\/estadisticas-de-accidentes-nc\/\" \/>\n<meta property=\"og:site_name\" content=\"James Scott Farrin | Espa\u00f1ol\" \/>\n<meta property=\"article:publisher\" content=\"https:\/\/www.facebook.com\/LawOfficesofJamesScottFarrin\/\" \/>\n<meta property=\"article:modified_time\" content=\"2024-01-09T06:54:43+00:00\" \/>\n<meta name=\"twitter:card\" content=\"summary_large_image\" \/>\n<meta name=\"twitter:site\" content=\"@FarrinLaw\" \/>\n<script type=\"application\/ld+json\" class=\"yoast-schema-graph\">{\"@context\":\"https:\\\/\\\/schema.org\",\"@graph\":[{\"@type\":\"WebPage\",\"@id\":\"https:\\\/\\\/www.farrin.com\\\/es\\\/abogado-accidente-motocicleta\\\/estadisticas-de-accidentes-nc\\\/\",\"url\":\"https:\\\/\\\/www.farrin.com\\\/es\\\/abogado-accidente-motocicleta\\\/estadisticas-de-accidentes-nc\\\/\",\"name\":\"Estad\u00edsticas de accidentes de motocicleta | James Scott Farrin\",\"isPartOf\":{\"@id\":\"https:\\\/\\\/www.farrin.com\\\/es\\\/#website\"},\"datePublished\":\"2022-03-23T22:57:57+00:00\",\"dateModified\":\"2024-01-09T06:54:43+00:00\",\"description\":\"\u00bfQu\u00e9 probabilidad hay de que los motociclistas sufran lesiones en un accidente en Carolina del Norte? \u00bfQu\u00e9 tan comunes son las muertes? Hemos estudiado los n\u00fameros. Aqu\u00ed est\u00e1n las impactantes estad\u00edsticas.\",\"breadcrumb\":{\"@id\":\"https:\\\/\\\/www.farrin.com\\\/es\\\/abogado-accidente-motocicleta\\\/estadisticas-de-accidentes-nc\\\/#breadcrumb\"},\"inLanguage\":\"es\",\"potentialAction\":[{\"@type\":\"ReadAction\",\"target\":[\"https:\\\/\\\/www.farrin.com\\\/es\\\/abogado-accidente-motocicleta\\\/estadisticas-de-accidentes-nc\\\/\"]}]},{\"@type\":\"BreadcrumbList\",\"@id\":\"https:\\\/\\\/www.farrin.com\\\/es\\\/abogado-accidente-motocicleta\\\/estadisticas-de-accidentes-nc\\\/#breadcrumb\",\"itemListElement\":[{\"@type\":\"ListItem\",\"position\":1,\"name\":\"Home\",\"item\":\"https:\\\/\\\/www.farrin.com\\\/es\\\/\"},{\"@type\":\"ListItem\",\"position\":2,\"name\":\"Accidentes en Motocicletas\",\"item\":\"https:\\\/\\\/www.farrin.com\\\/es\\\/abogado-accidente-motocicleta\\\/\"},{\"@type\":\"ListItem\",\"position\":3,\"name\":\"Estad\u00edsticas de accidentes de motocicleta\"}]},{\"@type\":\"WebSite\",\"@id\":\"https:\\\/\\\/www.farrin.com\\\/es\\\/#website\",\"url\":\"https:\\\/\\\/www.farrin.com\\\/es\\\/\",\"name\":\"James Scott Farrin | Espa\u00f1ol\",\"description\":\"\",\"publisher\":{\"@id\":\"https:\\\/\\\/www.farrin.com\\\/es\\\/#organization\"},\"potentialAction\":[{\"@type\":\"SearchAction\",\"target\":{\"@type\":\"EntryPoint\",\"urlTemplate\":\"https:\\\/\\\/www.farrin.com\\\/es\\\/?s={search_term_string}\"},\"query-input\":{\"@type\":\"PropertyValueSpecification\",\"valueRequired\":true,\"valueName\":\"search_term_string\"}}],\"inLanguage\":\"es\"},{\"@type\":\"Organization\",\"@id\":\"https:\\\/\\\/www.farrin.com\\\/es\\\/#organization\",\"name\":\"Law Offices of James Scott Farrin\",\"url\":\"https:\\\/\\\/www.farrin.com\\\/es\\\/\",\"logo\":{\"@type\":\"ImageObject\",\"inLanguage\":\"es\",\"@id\":\"https:\\\/\\\/www.farrin.com\\\/es\\\/#\\\/schema\\\/logo\\\/image\\\/\",\"url\":\"https:\\\/\\\/www.farrin.com\\\/es\\\/wp-content\\\/uploads\\\/sites\\\/6\\\/2020\\\/12\\\/JSF-square.png\",\"contentUrl\":\"https:\\\/\\\/www.farrin.com\\\/es\\\/wp-content\\\/uploads\\\/sites\\\/6\\\/2020\\\/12\\\/JSF-square.png\",\"width\":200,\"height\":200,\"caption\":\"Law Offices of James Scott Farrin\"},\"image\":{\"@id\":\"https:\\\/\\\/www.farrin.com\\\/es\\\/#\\\/schema\\\/logo\\\/image\\\/\"},\"sameAs\":[\"https:\\\/\\\/www.facebook.com\\\/LawOfficesofJamesScottFarrin\\\/\",\"https:\\\/\\\/x.com\\\/FarrinLaw\",\"https:\\\/\\\/www.instagram.com\\\/farrinlaw\\\/\",\"https:\\\/\\\/www.linkedin.com\\\/company\\\/law-offices-of-james-scott-farrin\\\/\",\"https:\\\/\\\/www.youtube.com\\\/channel\\\/UC9eIZLqvWwuT1NR7OM8sCKg\"]}]}<\/script>\n<!-- \/ Yoast SEO Premium plugin. -->","yoast_head_json":{"title":"Estad\u00edsticas de accidentes de motocicleta | James Scott Farrin","description":"\u00bfQu\u00e9 probabilidad hay de que los motociclistas sufran lesiones en un accidente en Carolina del Norte? \u00bfQu\u00e9 tan comunes son las muertes? Hemos estudiado los n\u00fameros. Aqu\u00ed est\u00e1n las impactantes estad\u00edsticas.","robots":{"index":"index","follow":"follow","max-snippet":"max-snippet:-1","max-image-preview":"max-image-preview:large","max-video-preview":"max-video-preview:-1"},"canonical":"https:\/\/www.farrin.com\/es\/abogado-accidente-motocicleta\/estadisticas-de-accidentes-nc\/","og_locale":"es_ES","og_type":"article","og_title":"Estad\u00edsticas de accidentes de motocicleta","og_description":"\u00bfQu\u00e9 probabilidad hay de que los motociclistas sufran lesiones en un accidente en Carolina del Norte? \u00bfQu\u00e9 tan comunes son las muertes? Hemos estudiado los n\u00fameros. Aqu\u00ed est\u00e1n las impactantes estad\u00edsticas.","og_url":"https:\/\/www.farrin.com\/es\/abogado-accidente-motocicleta\/estadisticas-de-accidentes-nc\/","og_site_name":"James Scott Farrin | Espa\u00f1ol","article_publisher":"https:\/\/www.facebook.com\/LawOfficesofJamesScottFarrin\/","article_modified_time":"2024-01-09T06:54:43+00:00","twitter_card":"summary_large_image","twitter_site":"@FarrinLaw","schema":{"@context":"https:\/\/schema.org","@graph":[{"@type":"WebPage","@id":"https:\/\/www.farrin.com\/es\/abogado-accidente-motocicleta\/estadisticas-de-accidentes-nc\/","url":"https:\/\/www.farrin.com\/es\/abogado-accidente-motocicleta\/estadisticas-de-accidentes-nc\/","name":"Estad\u00edsticas de accidentes de motocicleta | James Scott Farrin","isPartOf":{"@id":"https:\/\/www.farrin.com\/es\/#website"},"datePublished":"2022-03-23T22:57:57+00:00","dateModified":"2024-01-09T06:54:43+00:00","description":"\u00bfQu\u00e9 probabilidad hay de que los motociclistas sufran lesiones en un accidente en Carolina del Norte? \u00bfQu\u00e9 tan comunes son las muertes? Hemos estudiado los n\u00fameros. Aqu\u00ed est\u00e1n las impactantes estad\u00edsticas.","breadcrumb":{"@id":"https:\/\/www.farrin.com\/es\/abogado-accidente-motocicleta\/estadisticas-de-accidentes-nc\/#breadcrumb"},"inLanguage":"es","potentialAction":[{"@type":"ReadAction","target":["https:\/\/www.farrin.com\/es\/abogado-accidente-motocicleta\/estadisticas-de-accidentes-nc\/"]}]},{"@type":"BreadcrumbList","@id":"https:\/\/www.farrin.com\/es\/abogado-accidente-motocicleta\/estadisticas-de-accidentes-nc\/#breadcrumb","itemListElement":[{"@type":"ListItem","position":1,"name":"Home","item":"https:\/\/www.farrin.com\/es\/"},{"@type":"ListItem","position":2,"name":"Accidentes en Motocicletas","item":"https:\/\/www.farrin.com\/es\/abogado-accidente-motocicleta\/"},{"@type":"ListItem","position":3,"name":"Estad\u00edsticas de accidentes de motocicleta"}]},{"@type":"WebSite","@id":"https:\/\/www.farrin.com\/es\/#website","url":"https:\/\/www.farrin.com\/es\/","name":"James Scott Farrin | Espa\u00f1ol","description":"","publisher":{"@id":"https:\/\/www.farrin.com\/es\/#organization"},"potentialAction":[{"@type":"SearchAction","target":{"@type":"EntryPoint","urlTemplate":"https:\/\/www.farrin.com\/es\/?s={search_term_string}"},"query-input":{"@type":"PropertyValueSpecification","valueRequired":true,"valueName":"search_term_string"}}],"inLanguage":"es"},{"@type":"Organization","@id":"https:\/\/www.farrin.com\/es\/#organization","name":"Law Offices of James Scott Farrin","url":"https:\/\/www.farrin.com\/es\/","logo":{"@type":"ImageObject","inLanguage":"es","@id":"https:\/\/www.farrin.com\/es\/#\/schema\/logo\/image\/","url":"https:\/\/www.farrin.com\/es\/wp-content\/uploads\/sites\/6\/2020\/12\/JSF-square.png","contentUrl":"https:\/\/www.farrin.com\/es\/wp-content\/uploads\/sites\/6\/2020\/12\/JSF-square.png","width":200,"height":200,"caption":"Law Offices of James Scott Farrin"},"image":{"@id":"https:\/\/www.farrin.com\/es\/#\/schema\/logo\/image\/"},"sameAs":["https:\/\/www.facebook.com\/LawOfficesofJamesScottFarrin\/","https:\/\/x.com\/FarrinLaw","https:\/\/www.instagram.com\/farrinlaw\/","https:\/\/www.linkedin.com\/company\/law-offices-of-james-scott-farrin\/","https:\/\/www.youtube.com\/channel\/UC9eIZLqvWwuT1NR7OM8sCKg"]}]}},"acf":[],"_links":{"self":[{"href":"https:\/\/www.farrin.com\/es\/wp-json\/wp\/v2\/pages\/7357","targetHints":{"allow":["GET"]}}],"collection":[{"href":"https:\/\/www.farrin.com\/es\/wp-json\/wp\/v2\/pages"}],"about":[{"href":"https:\/\/www.farrin.com\/es\/wp-json\/wp\/v2\/types\/page"}],"author":[{"embeddable":true,"href":"https:\/\/www.farrin.com\/es\/wp-json\/wp\/v2\/users\/8"}],"replies":[{"embeddable":true,"href":"https:\/\/www.farrin.com\/es\/wp-json\/wp\/v2\/comments?post=7357"}],"version-history":[{"count":0,"href":"https:\/\/www.farrin.com\/es\/wp-json\/wp\/v2\/pages\/7357\/revisions"}],"up":[{"embeddable":true,"href":"https:\/\/www.farrin.com\/es\/wp-json\/wp\/v2\/pages\/552"}],"wp:attachment":[{"href":"https:\/\/www.farrin.com\/es\/wp-json\/wp\/v2\/media?parent=7357"}],"curies":[{"name":"wp","href":"https:\/\/api.w.org\/{rel}","templated":true}]}}