{"id":7399,"date":"2022-03-25T17:00:33","date_gmt":"2022-03-25T17:00:33","guid":{"rendered":"https:\/\/www.farrin.com\/es\/?page_id=7399"},"modified":"2024-01-09T06:27:17","modified_gmt":"2024-01-09T06:27:17","slug":"seguro","status":"publish","type":"page","link":"https:\/\/www.farrin.com\/es\/abogado-accidente-auto\/seguro\/","title":{"rendered":"Car Accident Insurance Companies"},"content":{"rendered":"","protected":false},"excerpt":{"rendered":"","protected":false},"author":8,"featured_media":0,"parent":544,"menu_order":0,"comment_status":"closed","ping_status":"closed","template":"template-workers-comp-2.php","meta":{"_acf_changed":false,"om_disable_all_campaigns":false,"footnotes":""},"class_list":["post-7399","page","type-page","status-publish","hentry"],"yoast_head":"<!-- This site is optimized with the Yoast SEO Premium plugin v25.4 (Yoast SEO v27.3) - https:\/\/yoast.com\/product\/yoast-seo-premium-wordpress\/ -->\n<title>Seguros de accidentes automovil\u00edsticos - Compa\u00f1\u00edas | James Scott Farrin<\/title>\n<meta name=\"description\" content=\"Para obtener ayuda al tratar con una compa\u00f1\u00eda de seguros, comun\u00edquese con Las Oficinas Legales de James Scott Farrin. Un abogado puede ayudarle a negociar su reclamo.\" \/>\n<meta name=\"robots\" content=\"index, follow, max-snippet:-1, max-image-preview:large, max-video-preview:-1\" \/>\n<link rel=\"canonical\" href=\"https:\/\/www.farrin.com\/es\/abogado-accidente-auto\/seguro\/\" \/>\n<meta property=\"og:locale\" content=\"es_ES\" \/>\n<meta property=\"og:type\" content=\"article\" \/>\n<meta property=\"og:title\" content=\"Car Accident Insurance Companies\" \/>\n<meta property=\"og:description\" content=\"Para obtener ayuda al tratar con una compa\u00f1\u00eda de seguros, comun\u00edquese con Las Oficinas Legales de James Scott Farrin. Un abogado puede ayudarle a negociar su reclamo.\" \/>\n<meta property=\"og:url\" content=\"https:\/\/www.farrin.com\/es\/abogado-accidente-auto\/seguro\/\" \/>\n<meta property=\"og:site_name\" content=\"James Scott Farrin | Espa\u00f1ol\" \/>\n<meta property=\"article:publisher\" content=\"https:\/\/www.facebook.com\/LawOfficesofJamesScottFarrin\/\" \/>\n<meta property=\"article:modified_time\" content=\"2024-01-09T06:27:17+00:00\" \/>\n<meta name=\"twitter:card\" content=\"summary_large_image\" \/>\n<meta name=\"twitter:site\" content=\"@FarrinLaw\" \/>\n<script type=\"application\/ld+json\" class=\"yoast-schema-graph\">{\"@context\":\"https:\\\/\\\/schema.org\",\"@graph\":[{\"@type\":\"WebPage\",\"@id\":\"https:\\\/\\\/www.farrin.com\\\/es\\\/abogado-accidente-auto\\\/seguro\\\/\",\"url\":\"https:\\\/\\\/www.farrin.com\\\/es\\\/abogado-accidente-auto\\\/seguro\\\/\",\"name\":\"Seguros de accidentes automovil\u00edsticos - Compa\u00f1\u00edas | James Scott Farrin\",\"isPartOf\":{\"@id\":\"https:\\\/\\\/www.farrin.com\\\/es\\\/#website\"},\"datePublished\":\"2022-03-25T17:00:33+00:00\",\"dateModified\":\"2024-01-09T06:27:17+00:00\",\"description\":\"Para obtener ayuda al tratar con una compa\u00f1\u00eda de seguros, comun\u00edquese con Las Oficinas Legales de James Scott Farrin. Un abogado puede ayudarle a negociar su reclamo.\",\"breadcrumb\":{\"@id\":\"https:\\\/\\\/www.farrin.com\\\/es\\\/abogado-accidente-auto\\\/seguro\\\/#breadcrumb\"},\"inLanguage\":\"es\",\"potentialAction\":[{\"@type\":\"ReadAction\",\"target\":[\"https:\\\/\\\/www.farrin.com\\\/es\\\/abogado-accidente-auto\\\/seguro\\\/\"]}]},{\"@type\":\"BreadcrumbList\",\"@id\":\"https:\\\/\\\/www.farrin.com\\\/es\\\/abogado-accidente-auto\\\/seguro\\\/#breadcrumb\",\"itemListElement\":[{\"@type\":\"ListItem\",\"position\":1,\"name\":\"Home\",\"item\":\"https:\\\/\\\/www.farrin.com\\\/es\\\/\"},{\"@type\":\"ListItem\",\"position\":2,\"name\":\"Accidentes de Auto\",\"item\":\"https:\\\/\\\/www.farrin.com\\\/es\\\/abogado-accidente-auto\\\/\"},{\"@type\":\"ListItem\",\"position\":3,\"name\":\"Car Accident Insurance Companies\"}]},{\"@type\":\"WebSite\",\"@id\":\"https:\\\/\\\/www.farrin.com\\\/es\\\/#website\",\"url\":\"https:\\\/\\\/www.farrin.com\\\/es\\\/\",\"name\":\"James Scott Farrin | Espa\u00f1ol\",\"description\":\"\",\"publisher\":{\"@id\":\"https:\\\/\\\/www.farrin.com\\\/es\\\/#organization\"},\"potentialAction\":[{\"@type\":\"SearchAction\",\"target\":{\"@type\":\"EntryPoint\",\"urlTemplate\":\"https:\\\/\\\/www.farrin.com\\\/es\\\/?s={search_term_string}\"},\"query-input\":{\"@type\":\"PropertyValueSpecification\",\"valueRequired\":true,\"valueName\":\"search_term_string\"}}],\"inLanguage\":\"es\"},{\"@type\":\"Organization\",\"@id\":\"https:\\\/\\\/www.farrin.com\\\/es\\\/#organization\",\"name\":\"Law Offices of James Scott Farrin\",\"url\":\"https:\\\/\\\/www.farrin.com\\\/es\\\/\",\"logo\":{\"@type\":\"ImageObject\",\"inLanguage\":\"es\",\"@id\":\"https:\\\/\\\/www.farrin.com\\\/es\\\/#\\\/schema\\\/logo\\\/image\\\/\",\"url\":\"https:\\\/\\\/www.farrin.com\\\/es\\\/wp-content\\\/uploads\\\/sites\\\/6\\\/2020\\\/12\\\/JSF-square.png\",\"contentUrl\":\"https:\\\/\\\/www.farrin.com\\\/es\\\/wp-content\\\/uploads\\\/sites\\\/6\\\/2020\\\/12\\\/JSF-square.png\",\"width\":200,\"height\":200,\"caption\":\"Law Offices of James Scott Farrin\"},\"image\":{\"@id\":\"https:\\\/\\\/www.farrin.com\\\/es\\\/#\\\/schema\\\/logo\\\/image\\\/\"},\"sameAs\":[\"https:\\\/\\\/www.facebook.com\\\/LawOfficesofJamesScottFarrin\\\/\",\"https:\\\/\\\/x.com\\\/FarrinLaw\",\"https:\\\/\\\/www.instagram.com\\\/farrinlaw\\\/\",\"https:\\\/\\\/www.linkedin.com\\\/company\\\/law-offices-of-james-scott-farrin\\\/\",\"https:\\\/\\\/www.youtube.com\\\/channel\\\/UC9eIZLqvWwuT1NR7OM8sCKg\"]}]}<\/script>\n<!-- \/ Yoast SEO Premium plugin. -->","yoast_head_json":{"title":"Seguros de accidentes automovil\u00edsticos - Compa\u00f1\u00edas | James Scott Farrin","description":"Para obtener ayuda al tratar con una compa\u00f1\u00eda de seguros, comun\u00edquese con Las Oficinas Legales de James Scott Farrin. Un abogado puede ayudarle a negociar su reclamo.","robots":{"index":"index","follow":"follow","max-snippet":"max-snippet:-1","max-image-preview":"max-image-preview:large","max-video-preview":"max-video-preview:-1"},"canonical":"https:\/\/www.farrin.com\/es\/abogado-accidente-auto\/seguro\/","og_locale":"es_ES","og_type":"article","og_title":"Car Accident Insurance Companies","og_description":"Para obtener ayuda al tratar con una compa\u00f1\u00eda de seguros, comun\u00edquese con Las Oficinas Legales de James Scott Farrin. Un abogado puede ayudarle a negociar su reclamo.","og_url":"https:\/\/www.farrin.com\/es\/abogado-accidente-auto\/seguro\/","og_site_name":"James Scott Farrin | Espa\u00f1ol","article_publisher":"https:\/\/www.facebook.com\/LawOfficesofJamesScottFarrin\/","article_modified_time":"2024-01-09T06:27:17+00:00","twitter_card":"summary_large_image","twitter_site":"@FarrinLaw","schema":{"@context":"https:\/\/schema.org","@graph":[{"@type":"WebPage","@id":"https:\/\/www.farrin.com\/es\/abogado-accidente-auto\/seguro\/","url":"https:\/\/www.farrin.com\/es\/abogado-accidente-auto\/seguro\/","name":"Seguros de accidentes automovil\u00edsticos - Compa\u00f1\u00edas | James Scott Farrin","isPartOf":{"@id":"https:\/\/www.farrin.com\/es\/#website"},"datePublished":"2022-03-25T17:00:33+00:00","dateModified":"2024-01-09T06:27:17+00:00","description":"Para obtener ayuda al tratar con una compa\u00f1\u00eda de seguros, comun\u00edquese con Las Oficinas Legales de James Scott Farrin. Un abogado puede ayudarle a negociar su reclamo.","breadcrumb":{"@id":"https:\/\/www.farrin.com\/es\/abogado-accidente-auto\/seguro\/#breadcrumb"},"inLanguage":"es","potentialAction":[{"@type":"ReadAction","target":["https:\/\/www.farrin.com\/es\/abogado-accidente-auto\/seguro\/"]}]},{"@type":"BreadcrumbList","@id":"https:\/\/www.farrin.com\/es\/abogado-accidente-auto\/seguro\/#breadcrumb","itemListElement":[{"@type":"ListItem","position":1,"name":"Home","item":"https:\/\/www.farrin.com\/es\/"},{"@type":"ListItem","position":2,"name":"Accidentes de Auto","item":"https:\/\/www.farrin.com\/es\/abogado-accidente-auto\/"},{"@type":"ListItem","position":3,"name":"Car Accident Insurance Companies"}]},{"@type":"WebSite","@id":"https:\/\/www.farrin.com\/es\/#website","url":"https:\/\/www.farrin.com\/es\/","name":"James Scott Farrin | Espa\u00f1ol","description":"","publisher":{"@id":"https:\/\/www.farrin.com\/es\/#organization"},"potentialAction":[{"@type":"SearchAction","target":{"@type":"EntryPoint","urlTemplate":"https:\/\/www.farrin.com\/es\/?s={search_term_string}"},"query-input":{"@type":"PropertyValueSpecification","valueRequired":true,"valueName":"search_term_string"}}],"inLanguage":"es"},{"@type":"Organization","@id":"https:\/\/www.farrin.com\/es\/#organization","name":"Law Offices of James Scott Farrin","url":"https:\/\/www.farrin.com\/es\/","logo":{"@type":"ImageObject","inLanguage":"es","@id":"https:\/\/www.farrin.com\/es\/#\/schema\/logo\/image\/","url":"https:\/\/www.farrin.com\/es\/wp-content\/uploads\/sites\/6\/2020\/12\/JSF-square.png","contentUrl":"https:\/\/www.farrin.com\/es\/wp-content\/uploads\/sites\/6\/2020\/12\/JSF-square.png","width":200,"height":200,"caption":"Law Offices of James Scott Farrin"},"image":{"@id":"https:\/\/www.farrin.com\/es\/#\/schema\/logo\/image\/"},"sameAs":["https:\/\/www.facebook.com\/LawOfficesofJamesScottFarrin\/","https:\/\/x.com\/FarrinLaw","https:\/\/www.instagram.com\/farrinlaw\/","https:\/\/www.linkedin.com\/company\/law-offices-of-james-scott-farrin\/","https:\/\/www.youtube.com\/channel\/UC9eIZLqvWwuT1NR7OM8sCKg"]}]}},"acf":[],"_links":{"self":[{"href":"https:\/\/www.farrin.com\/es\/wp-json\/wp\/v2\/pages\/7399","targetHints":{"allow":["GET"]}}],"collection":[{"href":"https:\/\/www.farrin.com\/es\/wp-json\/wp\/v2\/pages"}],"about":[{"href":"https:\/\/www.farrin.com\/es\/wp-json\/wp\/v2\/types\/page"}],"author":[{"embeddable":true,"href":"https:\/\/www.farrin.com\/es\/wp-json\/wp\/v2\/users\/8"}],"replies":[{"embeddable":true,"href":"https:\/\/www.farrin.com\/es\/wp-json\/wp\/v2\/comments?post=7399"}],"version-history":[{"count":0,"href":"https:\/\/www.farrin.com\/es\/wp-json\/wp\/v2\/pages\/7399\/revisions"}],"up":[{"embeddable":true,"href":"https:\/\/www.farrin.com\/es\/wp-json\/wp\/v2\/pages\/544"}],"wp:attachment":[{"href":"https:\/\/www.farrin.com\/es\/wp-json\/wp\/v2\/media?parent=7399"}],"curies":[{"name":"wp","href":"https:\/\/api.w.org\/{rel}","templated":true}]}}