{"id":7431,"date":"2022-09-25T23:05:25","date_gmt":"2022-09-25T23:05:25","guid":{"rendered":"https:\/\/www.farrin.com\/es\/?page_id=7431"},"modified":"2024-01-09T07:22:23","modified_gmt":"2024-01-09T07:22:23","slug":"conducir-ebrio-estadisticas-nc","status":"publish","type":"page","link":"https:\/\/www.farrin.com\/es\/dwi-casos\/conducir-ebrio-estadisticas-nc\/","title":{"rendered":"Drunk Driving Statistics"},"content":{"rendered":"","protected":false},"excerpt":{"rendered":"","protected":false},"author":8,"featured_media":0,"parent":548,"menu_order":0,"comment_status":"closed","ping_status":"closed","template":"template-workers-comp-2.php","meta":{"_acf_changed":false,"om_disable_all_campaigns":false,"footnotes":""},"class_list":["post-7431","page","type-page","status-publish","hentry"],"yoast_head":"<!-- This site is optimized with the Yoast SEO Premium plugin v25.4 (Yoast SEO v27.3) - https:\/\/yoast.com\/product\/yoast-seo-premium-wordpress\/ -->\n<title>Estad\u00edsticas sobre Conducir Ebrio en Carolina del Norte | James Scott Farrin<\/title>\n<meta name=\"description\" content=\"Aunque es obviamente peligroso, las personas todav\u00eda beben y se ponen al volante. No sabemos cu\u00e1ntos, pero s\u00ed sabemos el efecto. Aqu\u00ed hay algunas estad\u00edsticas para reflexionar.\" \/>\n<meta name=\"robots\" content=\"index, follow, max-snippet:-1, max-image-preview:large, max-video-preview:-1\" \/>\n<link rel=\"canonical\" href=\"https:\/\/www.farrin.com\/es\/dwi-casos\/conducir-ebrio-estadisticas-nc\/\" \/>\n<meta property=\"og:locale\" content=\"es_ES\" \/>\n<meta property=\"og:type\" content=\"article\" \/>\n<meta property=\"og:title\" content=\"Drunk Driving Statistics\" \/>\n<meta property=\"og:description\" content=\"Aunque es obviamente peligroso, las personas todav\u00eda beben y se ponen al volante. No sabemos cu\u00e1ntos, pero s\u00ed sabemos el efecto. Aqu\u00ed hay algunas estad\u00edsticas para reflexionar.\" \/>\n<meta property=\"og:url\" content=\"https:\/\/www.farrin.com\/es\/dwi-casos\/conducir-ebrio-estadisticas-nc\/\" \/>\n<meta property=\"og:site_name\" content=\"James Scott Farrin | Espa\u00f1ol\" \/>\n<meta property=\"article:publisher\" content=\"https:\/\/www.facebook.com\/LawOfficesofJamesScottFarrin\/\" \/>\n<meta property=\"article:modified_time\" content=\"2024-01-09T07:22:23+00:00\" \/>\n<meta name=\"twitter:card\" content=\"summary_large_image\" \/>\n<meta name=\"twitter:site\" content=\"@FarrinLaw\" \/>\n<script type=\"application\/ld+json\" class=\"yoast-schema-graph\">{\"@context\":\"https:\\\/\\\/schema.org\",\"@graph\":[{\"@type\":\"WebPage\",\"@id\":\"https:\\\/\\\/www.farrin.com\\\/es\\\/dwi-casos\\\/conducir-ebrio-estadisticas-nc\\\/\",\"url\":\"https:\\\/\\\/www.farrin.com\\\/es\\\/dwi-casos\\\/conducir-ebrio-estadisticas-nc\\\/\",\"name\":\"Estad\u00edsticas sobre Conducir Ebrio en Carolina del Norte | James Scott Farrin\",\"isPartOf\":{\"@id\":\"https:\\\/\\\/www.farrin.com\\\/es\\\/#website\"},\"datePublished\":\"2022-09-25T23:05:25+00:00\",\"dateModified\":\"2024-01-09T07:22:23+00:00\",\"description\":\"Aunque es obviamente peligroso, las personas todav\u00eda beben y se ponen al volante. No sabemos cu\u00e1ntos, pero s\u00ed sabemos el efecto. Aqu\u00ed hay algunas estad\u00edsticas para reflexionar.\",\"breadcrumb\":{\"@id\":\"https:\\\/\\\/www.farrin.com\\\/es\\\/dwi-casos\\\/conducir-ebrio-estadisticas-nc\\\/#breadcrumb\"},\"inLanguage\":\"es\",\"potentialAction\":[{\"@type\":\"ReadAction\",\"target\":[\"https:\\\/\\\/www.farrin.com\\\/es\\\/dwi-casos\\\/conducir-ebrio-estadisticas-nc\\\/\"]}]},{\"@type\":\"BreadcrumbList\",\"@id\":\"https:\\\/\\\/www.farrin.com\\\/es\\\/dwi-casos\\\/conducir-ebrio-estadisticas-nc\\\/#breadcrumb\",\"itemListElement\":[{\"@type\":\"ListItem\",\"position\":1,\"name\":\"Home\",\"item\":\"https:\\\/\\\/www.farrin.com\\\/es\\\/\"},{\"@type\":\"ListItem\",\"position\":2,\"name\":\"casos DWI (conductor ebrio)\",\"item\":\"https:\\\/\\\/www.farrin.com\\\/es\\\/dwi-casos\\\/\"},{\"@type\":\"ListItem\",\"position\":3,\"name\":\"Drunk Driving Statistics\"}]},{\"@type\":\"WebSite\",\"@id\":\"https:\\\/\\\/www.farrin.com\\\/es\\\/#website\",\"url\":\"https:\\\/\\\/www.farrin.com\\\/es\\\/\",\"name\":\"James Scott Farrin | Espa\u00f1ol\",\"description\":\"\",\"publisher\":{\"@id\":\"https:\\\/\\\/www.farrin.com\\\/es\\\/#organization\"},\"potentialAction\":[{\"@type\":\"SearchAction\",\"target\":{\"@type\":\"EntryPoint\",\"urlTemplate\":\"https:\\\/\\\/www.farrin.com\\\/es\\\/?s={search_term_string}\"},\"query-input\":{\"@type\":\"PropertyValueSpecification\",\"valueRequired\":true,\"valueName\":\"search_term_string\"}}],\"inLanguage\":\"es\"},{\"@type\":\"Organization\",\"@id\":\"https:\\\/\\\/www.farrin.com\\\/es\\\/#organization\",\"name\":\"Law Offices of James Scott Farrin\",\"url\":\"https:\\\/\\\/www.farrin.com\\\/es\\\/\",\"logo\":{\"@type\":\"ImageObject\",\"inLanguage\":\"es\",\"@id\":\"https:\\\/\\\/www.farrin.com\\\/es\\\/#\\\/schema\\\/logo\\\/image\\\/\",\"url\":\"https:\\\/\\\/www.farrin.com\\\/es\\\/wp-content\\\/uploads\\\/sites\\\/6\\\/2020\\\/12\\\/JSF-square.png\",\"contentUrl\":\"https:\\\/\\\/www.farrin.com\\\/es\\\/wp-content\\\/uploads\\\/sites\\\/6\\\/2020\\\/12\\\/JSF-square.png\",\"width\":200,\"height\":200,\"caption\":\"Law Offices of James Scott Farrin\"},\"image\":{\"@id\":\"https:\\\/\\\/www.farrin.com\\\/es\\\/#\\\/schema\\\/logo\\\/image\\\/\"},\"sameAs\":[\"https:\\\/\\\/www.facebook.com\\\/LawOfficesofJamesScottFarrin\\\/\",\"https:\\\/\\\/x.com\\\/FarrinLaw\",\"https:\\\/\\\/www.instagram.com\\\/farrinlaw\\\/\",\"https:\\\/\\\/www.linkedin.com\\\/company\\\/law-offices-of-james-scott-farrin\\\/\",\"https:\\\/\\\/www.youtube.com\\\/channel\\\/UC9eIZLqvWwuT1NR7OM8sCKg\"]}]}<\/script>\n<!-- \/ Yoast SEO Premium plugin. -->","yoast_head_json":{"title":"Estad\u00edsticas sobre Conducir Ebrio en Carolina del Norte | James Scott Farrin","description":"Aunque es obviamente peligroso, las personas todav\u00eda beben y se ponen al volante. No sabemos cu\u00e1ntos, pero s\u00ed sabemos el efecto. Aqu\u00ed hay algunas estad\u00edsticas para reflexionar.","robots":{"index":"index","follow":"follow","max-snippet":"max-snippet:-1","max-image-preview":"max-image-preview:large","max-video-preview":"max-video-preview:-1"},"canonical":"https:\/\/www.farrin.com\/es\/dwi-casos\/conducir-ebrio-estadisticas-nc\/","og_locale":"es_ES","og_type":"article","og_title":"Drunk Driving Statistics","og_description":"Aunque es obviamente peligroso, las personas todav\u00eda beben y se ponen al volante. No sabemos cu\u00e1ntos, pero s\u00ed sabemos el efecto. Aqu\u00ed hay algunas estad\u00edsticas para reflexionar.","og_url":"https:\/\/www.farrin.com\/es\/dwi-casos\/conducir-ebrio-estadisticas-nc\/","og_site_name":"James Scott Farrin | Espa\u00f1ol","article_publisher":"https:\/\/www.facebook.com\/LawOfficesofJamesScottFarrin\/","article_modified_time":"2024-01-09T07:22:23+00:00","twitter_card":"summary_large_image","twitter_site":"@FarrinLaw","schema":{"@context":"https:\/\/schema.org","@graph":[{"@type":"WebPage","@id":"https:\/\/www.farrin.com\/es\/dwi-casos\/conducir-ebrio-estadisticas-nc\/","url":"https:\/\/www.farrin.com\/es\/dwi-casos\/conducir-ebrio-estadisticas-nc\/","name":"Estad\u00edsticas sobre Conducir Ebrio en Carolina del Norte | James Scott Farrin","isPartOf":{"@id":"https:\/\/www.farrin.com\/es\/#website"},"datePublished":"2022-09-25T23:05:25+00:00","dateModified":"2024-01-09T07:22:23+00:00","description":"Aunque es obviamente peligroso, las personas todav\u00eda beben y se ponen al volante. No sabemos cu\u00e1ntos, pero s\u00ed sabemos el efecto. Aqu\u00ed hay algunas estad\u00edsticas para reflexionar.","breadcrumb":{"@id":"https:\/\/www.farrin.com\/es\/dwi-casos\/conducir-ebrio-estadisticas-nc\/#breadcrumb"},"inLanguage":"es","potentialAction":[{"@type":"ReadAction","target":["https:\/\/www.farrin.com\/es\/dwi-casos\/conducir-ebrio-estadisticas-nc\/"]}]},{"@type":"BreadcrumbList","@id":"https:\/\/www.farrin.com\/es\/dwi-casos\/conducir-ebrio-estadisticas-nc\/#breadcrumb","itemListElement":[{"@type":"ListItem","position":1,"name":"Home","item":"https:\/\/www.farrin.com\/es\/"},{"@type":"ListItem","position":2,"name":"casos DWI (conductor ebrio)","item":"https:\/\/www.farrin.com\/es\/dwi-casos\/"},{"@type":"ListItem","position":3,"name":"Drunk Driving Statistics"}]},{"@type":"WebSite","@id":"https:\/\/www.farrin.com\/es\/#website","url":"https:\/\/www.farrin.com\/es\/","name":"James Scott Farrin | Espa\u00f1ol","description":"","publisher":{"@id":"https:\/\/www.farrin.com\/es\/#organization"},"potentialAction":[{"@type":"SearchAction","target":{"@type":"EntryPoint","urlTemplate":"https:\/\/www.farrin.com\/es\/?s={search_term_string}"},"query-input":{"@type":"PropertyValueSpecification","valueRequired":true,"valueName":"search_term_string"}}],"inLanguage":"es"},{"@type":"Organization","@id":"https:\/\/www.farrin.com\/es\/#organization","name":"Law Offices of James Scott Farrin","url":"https:\/\/www.farrin.com\/es\/","logo":{"@type":"ImageObject","inLanguage":"es","@id":"https:\/\/www.farrin.com\/es\/#\/schema\/logo\/image\/","url":"https:\/\/www.farrin.com\/es\/wp-content\/uploads\/sites\/6\/2020\/12\/JSF-square.png","contentUrl":"https:\/\/www.farrin.com\/es\/wp-content\/uploads\/sites\/6\/2020\/12\/JSF-square.png","width":200,"height":200,"caption":"Law Offices of James Scott Farrin"},"image":{"@id":"https:\/\/www.farrin.com\/es\/#\/schema\/logo\/image\/"},"sameAs":["https:\/\/www.facebook.com\/LawOfficesofJamesScottFarrin\/","https:\/\/x.com\/FarrinLaw","https:\/\/www.instagram.com\/farrinlaw\/","https:\/\/www.linkedin.com\/company\/law-offices-of-james-scott-farrin\/","https:\/\/www.youtube.com\/channel\/UC9eIZLqvWwuT1NR7OM8sCKg"]}]}},"acf":[],"_links":{"self":[{"href":"https:\/\/www.farrin.com\/es\/wp-json\/wp\/v2\/pages\/7431","targetHints":{"allow":["GET"]}}],"collection":[{"href":"https:\/\/www.farrin.com\/es\/wp-json\/wp\/v2\/pages"}],"about":[{"href":"https:\/\/www.farrin.com\/es\/wp-json\/wp\/v2\/types\/page"}],"author":[{"embeddable":true,"href":"https:\/\/www.farrin.com\/es\/wp-json\/wp\/v2\/users\/8"}],"replies":[{"embeddable":true,"href":"https:\/\/www.farrin.com\/es\/wp-json\/wp\/v2\/comments?post=7431"}],"version-history":[{"count":0,"href":"https:\/\/www.farrin.com\/es\/wp-json\/wp\/v2\/pages\/7431\/revisions"}],"up":[{"embeddable":true,"href":"https:\/\/www.farrin.com\/es\/wp-json\/wp\/v2\/pages\/548"}],"wp:attachment":[{"href":"https:\/\/www.farrin.com\/es\/wp-json\/wp\/v2\/media?parent=7431"}],"curies":[{"name":"wp","href":"https:\/\/api.w.org\/{rel}","templated":true}]}}